{"id":103,"date":"2015-05-20T15:44:17","date_gmt":"2015-05-20T15:44:17","guid":{"rendered":"http:\/\/rastava-most.cz\/?page_id=103"},"modified":"2024-04-24T11:04:08","modified_gmt":"2024-04-24T11:04:08","slug":"o-nas","status":"publish","type":"page","link":"https:\/\/rastava-most.cz\/?page_id=103","title":{"rendered":"O N\u00c1S a kde n\u00e1s najdete"},"content":{"rendered":"<p>Nach\u00e1z\u00edme se v are\u00e1lu u <a href=\"https:\/\/mapy.cz\/zakladni?vlastni-body&amp;x=13.6209011&amp;y=50.5240682&amp;z=16&amp;ut=are%C3%A1l%20Mosteck%C3%A1%20ps%C3%AD%20%C5%A1kola%20RASTAVA&amp;ut=sjezd%20k%20are%C3%A1lu%20Most.ps%C3%AD%20%C5%A1kola%20RASTAVA&amp;ut=odbo%C4%8Dka%20na%20Matylda&amp;ut=odbo%C4%8Dka%20Most%20-%20Sou%C5%A1&amp;ut=sm%C4%9Br%20Chomutov&amp;ut=p%C5%99%C3%ADjezd%20od%20Prahy&amp;ut=p%C5%99%C3%ADjezd%20z%20Most%20centrum%20nebo%20od%20%C5%BDatce&amp;uc=9emvNx-XPie7necIR0fZghZ0hd7J0gWzgVnCfe4N3ot&amp;ud=50%C2%B031%2737.082%22N%2C%2013%C2%B037%2721.192%22E&amp;ud=50%C2%B031%2722.741%22N%2C%2013%C2%B036%2757.014%22E&amp;ud=50%C2%B031%2717.584%22N%2C%2013%C2%B036%2758.559%22E&amp;ud=ulice%20Tvrzova%2C%20Most%2C%20okres%20Most&amp;ud=50%C2%B031%2737.474%22N%2C%2013%C2%B037%2726.368%22E&amp;ud=50%C2%B031%2735.559%22N%2C%2013%C2%B037%2734.633%22E&amp;ud=ulice%20Tvrzova%2C%20Most%2C%20okres%20Most\">vodn\u00ed n\u00e1dr\u017ee Matylda<\/a>\u00a0(mapa) v okrajov\u00e9 \u010d\u00e1sti Mostu &#8211; Sou\u0161 &#8211; p\u0159\u00edjezd z kruhov\u00e9ho objezdu ul. Tvrzova.<\/p>\n<p>Jsme \u00a0zapsan\u00fd spolek &#8211; zalo\u017een\u00fd v roce 2005. V roce 2006 jsme za\u010dali budovat are\u00e1l na\u0161\u00ed ps\u00ed \u0161koly u <span style=\"color: #000000;\">vodn\u00ed n\u00e1dr\u017ee Matylda v okrajov\u00e9 \u010d\u00e1sti Mostu &#8211; Sou\u0161.<\/span><\/p>\n<p>Zab\u00fdv\u00e1me se v\u00fdchovou a v\u00fdcvikem ps\u016f v\u0161ech plemen a k\u0159\u00ed\u017eenc\u016f. \u00a0Pro za\u010d\u00e1te\u010dn\u00edk je ur\u010den Kurz z\u00e1kladn\u00ed poslu\u0161nosti &#8211; pro pejsky od 3 m\u011bs\u00edc\u016f. \u00a0Pro ty, kte\u0159\u00ed projdou z\u00e1kladn\u00edm v\u00fdcvikem je p\u0159ipraven Kurz pro pokro\u010dil\u00e9. Pro aktivn\u00ed pejsky a jejich majitele jsou Kurzy agility.<\/p>\n<p>V\u00fdcviky vede zku\u0161en\u00e1 kynolo\u017eka a chovatelka Radka Fenclov\u00e1, kter\u00e1 kurzy vede od zalo\u017een\u00ed spolku.\u00a0 Instruktorka m\u00e1 zku\u0161enosti se psy od r. 1994.\u00a0 13 let pracovala aktivn\u011b se psy canisterapeuty v mnoha za\u0159\u00edzen\u00edch &#8211; zkou\u0161ku z canistarapie m\u011blo 5 ps\u016f z jej\u00ed v\u00edce po\u010detn\u00e9 sme\u010dky.\u00a0<\/p>\n<p>V letn\u00edch m\u011bs\u00edc\u00edch &#8211; o pr\u00e1zdnin\u00e1ch &#8211; po\u0159\u00e1d\u00e1me:<\/p>\n<p>T\u00fddenn\u00ed v\u00fdcvikov\u00fd pobyt pro dosp\u011bl\u00e9 &#8211; pobyt pro majitele ps\u016f i jejich rodiny, kte\u0159\u00ed cht\u011bj\u00ed aktivn\u011b pro\u017e\u00edt dovolenou se sv\u00fdm psem.\u00a0 \u00a0 \u00a0 \u00a0 \u00a0 \u00a0 \u00a0 \u00a0 \u00a0 \u00a0 \u00a0 \u00a0<\/p>\n<p>T\u00fddenn\u00ed v\u00fdcvikov\u00fd pobyt pro d\u011bti &#8211; Stanov\u00e1n\u00ed se psy\u00a0 \u00a0 \u00a0 \u00a0 \u00a0 \u00a0 \u00a0 \u00a0 \u00a0 \u00a0<\/p>\n<p>Soust\u0159ed\u011bn\u00ed Z\u00e1chrann\u00fdch brig\u00e1d kynolog\u016f.<\/p>\n<p>\u010c\u00edslo \u00fa\u010dtu (KB Most) : <strong>\u010d. \u00fa\u010dtu: 6892830217\/0600 &#8211; <\/strong>jako v.s. uve\u010fte, pros\u00edm, datum zah\u00e1jen\u00ed kurzu bez te\u010dek (nap\u0159. 1.9.2018 bude v.s. 01092018) a do kolonky pro p\u0159\u00edjemce jm\u00e9no \u00fa\u010dastn\u00edka.<\/p>\n\n\n<p><\/p>\n","protected":false},"excerpt":{"rendered":"<p>Nach\u00e1z\u00edme se v are\u00e1lu u vodn\u00ed n\u00e1dr\u017ee Matylda\u00a0(mapa) v okrajov\u00e9 \u010d\u00e1sti Mostu &#8211; Sou\u0161 &#8211; p\u0159\u00edjezd z kruhov\u00e9ho objezdu ul. Tvrzova. Jsme \u00a0zapsan\u00fd spolek &#8211; zalo\u017een\u00fd v roce 2005. V roce 2006 jsme za\u010dali budovat are\u00e1l na\u0161\u00ed ps\u00ed \u0161koly u vodn\u00ed n\u00e1dr\u017ee Matylda v okrajov\u00e9 \u010d\u00e1sti Mostu &#8211; Sou\u0161. Zab\u00fdv\u00e1me se v\u00fdchovou a v\u00fdcvikem ps\u016f &hellip; <a href=\"https:\/\/rastava-most.cz\/?page_id=103\" class=\"more-link\">Pokra\u010dov\u00e1n\u00ed textu <span class=\"screen-reader-text\">O N\u00c1S a kde n\u00e1s najdete<\/span> <span class=\"meta-nav\">&rarr;<\/span><\/a><\/p>\n","protected":false},"author":1,"featured_media":0,"parent":0,"menu_order":0,"comment_status":"closed","ping_status":"open","template":"","meta":{"footnotes":""},"class_list":["post-103","page","type-page","status-publish","hentry"],"_links":{"self":[{"href":"https:\/\/rastava-most.cz\/index.php?rest_route=\/wp\/v2\/pages\/103","targetHints":{"allow":["GET"]}}],"collection":[{"href":"https:\/\/rastava-most.cz\/index.php?rest_route=\/wp\/v2\/pages"}],"about":[{"href":"https:\/\/rastava-most.cz\/index.php?rest_route=\/wp\/v2\/types\/page"}],"author":[{"embeddable":true,"href":"https:\/\/rastava-most.cz\/index.php?rest_route=\/wp\/v2\/users\/1"}],"replies":[{"embeddable":true,"href":"https:\/\/rastava-most.cz\/index.php?rest_route=%2Fwp%2Fv2%2Fcomments&post=103"}],"version-history":[{"count":16,"href":"https:\/\/rastava-most.cz\/index.php?rest_route=\/wp\/v2\/pages\/103\/revisions"}],"predecessor-version":[{"id":1779,"href":"https:\/\/rastava-most.cz\/index.php?rest_route=\/wp\/v2\/pages\/103\/revisions\/1779"}],"wp:attachment":[{"href":"https:\/\/rastava-most.cz\/index.php?rest_route=%2Fwp%2Fv2%2Fmedia&parent=103"}],"curies":[{"name":"wp","href":"https:\/\/api.w.org\/{rel}","templated":true}]}}