{"id":183,"date":"2016-02-08T07:03:35","date_gmt":"2016-02-08T07:03:35","guid":{"rendered":"http:\/\/rastava-most.cz\/?page_id=183"},"modified":"2023-12-27T14:01:03","modified_gmt":"2023-12-27T14:01:03","slug":"prihlaska-ditete","status":"publish","type":"page","link":"https:\/\/rastava-most.cz\/?page_id=183","title":{"rendered":"P\u0159ihl\u00e1\u0161ka d\u00edt\u011bte na agility"},"content":{"rendered":"<p><a href=\"https:\/\/rastava-most.cz\/?page_id=844\">Ochrana osobn\u00edch \u00fadaj\u016f<\/a><\/p>\n<p>Zasl\u00e1n\u00edm p\u0159ihl\u00e1\u0161ky souhlas\u00edm s t\u00edm, aby spr\u00e1vce zpracov\u00e1val osobn\u00ed \u00fadaje,\u00a0 v souladu s v\u00fd\u0161e uveden\u00fdm a tento m\u016fj souhlas je zcela dobrovoln\u00fd.<\/p>\n<p><em>P\u0159ihl\u00e1\u0161ku si zkop\u00edrujte do sv\u00e9ho po\u010d\u00edta\u010de a pak za\u0161lete na email (viz. kontakty) nebo \u00fadaje napi\u0161te p\u0159\u00edmo do emailu<\/em><\/p>\n<p><a href=\"https:\/\/rastava-most.cz\/?page_id=162\">Ceny kurzu agility<\/a><\/p>\n<h4 style=\"text-align: center;\">P\u0159ihl\u00e1\u0161ka pro d\u00edt\u011b<\/h4>\n<p style=\"text-align: center;\"><strong><em>na kurzy Agility &#8211;<\/em><\/strong> podepsanou p\u0159ihl\u00e1\u0161ku rodi\u010di doneste na prvn\u00ed hodinu<\/p>\n<p>Jm\u00e9no a p\u0159\u00edjmen\u00ed d\u00edt\u011bte:<\/p>\n<p>V\u011bk:<\/p>\n<p>Bydli\u0161t\u011b:<\/p>\n<p>Z\u00e1konn\u00fd z\u00e1stupce d\u00edt\u011bte: (jm\u00e9no a p\u0159\u00edjmen\u00ed)<\/p>\n<p>tel:\u00a0 \u00a0 \u00a0 \u00a0 \u00a0 \u00a0 \u00a0 \u00a0 \u00a0 \u00a0 \u00a0 \u00a0 \u00a0 \u00a0 \u00a0 \u00a0 \u00a0 \u00a0 \u00a0 \u00a0 \u00a0 \u00a0 \u00a0 \u00a0 email:<\/p>\n<p>Dal\u0161\u00ed kontakty (nap\u0159. druh\u00e9ho rodi\u010de, prarodi\u010d\u016f)<br \/>\nJm\u00e9no a p\u0159\u00edjmen\u00ed:<\/p>\n<p>tel:\u00a0 \u00a0 \u00a0 \u00a0 \u00a0 \u00a0 \u00a0 \u00a0 \u00a0 \u00a0 \u00a0 \u00a0 \u00a0 \u00a0 \u00a0 \u00a0 \u00a0 \u00a0 \u00a0 \u00a0 \u00a0 \u00a0 \u00a0 email:<\/p>\n<p>&#8212;&#8212;&#8212;&#8212;&#8212;&#8212;&#8212;&#8212;&#8212;&#8212;&#8212;&#8212;&#8212;&#8212;&#8212;&#8212;&#8212;&#8212;&#8212;&#8212;&#8212;&#8212;&#8212;&#8212;&#8212;&#8212;&#8212;&#8212;&#8212;&#8212;&#8212;&#8212;&#8212;&#8212;&#8212;&#8212;&#8212;&#8212;&#8211;<br \/>\n<strong><em>\u00dadaje o psovi:<\/em><\/strong><br \/>\nJm\u00e9no psa (tak jak mu \u0159\u00edk\u00e1te):<\/p>\n<p>Plemeno:<\/p>\n<p>Narozen\u00ed (pokud nen\u00ed zn\u00e1mo, tak p\u0159ibli\u017en\u011b):<\/p>\n<p>&#8212;&#8212;&#8212;&#8212;&#8212;&#8212;&#8212;&#8212;&#8212;&#8212;&#8212;&#8212;&#8212;&#8212;&#8212;&#8212;&#8212;&#8212;&#8212;&#8212;&#8212;&#8212;&#8212;&#8212;&#8212;&#8212;&#8212;&#8212;&#8212;&#8212;&#8212;&#8212;&#8212;&#8212;&#8212;<\/p>\n<p>P\u0159\u00edpadn\u00e9 zm\u011bny jsou zasl\u00e1ny zpr\u00e1vami SMS nebo na v\u00e1mi uveden\u00e9 kontakty v p\u0159ihl\u00e1\u0161ce.<br \/>\n\u00da\u010dastn\u00edk kurzu je povinen \u0159\u00eddit se Vnit\u0159n\u00edm \u0159\u00e1dem a Informacemi o ven\u010den\u00ed v rekrea\u010dn\u00edm are\u00e1lu Matylda. (Najdete na na\u0161ich str\u00e1nk\u00e1ch)<br \/>\n&#8212;&#8211;<\/p>\n<p>N\u00ed\u017ee podepsan\u00fd z\u00e1konn\u00fd z\u00e1stupce souhlas\u00ed s t\u00edm, aby v\u00fd\u0161e uveden\u00e9 d\u00edt\u011b nav\u0161t\u011bvovalo kurzy agility.<\/p>\n<p>Souhlas\u00edm \u2013 s p\u0159\u00edpadn\u00fdm um\u00edst\u011bn\u00edm fotografi\u00ed p\u0159\u00edpadn\u011b videosekvenc\u00ed, na kter\u00fdch bude moje dcera\/syn rozpozn\u00e1n, v souladu s v\u00fd\u0161e uveden\u00fdm a tento souhlas je zcela dobrovoln\u00fd.<\/p>\n<p>Nesouhlas\u00edm &#8211;\u00a0s p\u0159\u00edpadn\u00fdm um\u00edst\u011bn\u00edm fotografi\u00ed p\u0159\u00edpadn\u011b videosekvenc\u00ed, na kter\u00fdch bude moje dcera\/syn rozpozn\u00e1n, v souladu s v\u00fd\u0161e uveden\u00fdm.<\/p>\n<p>Z\u00e1konn\u00fd z\u00e1stupce:<\/p>\n","protected":false},"excerpt":{"rendered":"<p>Ochrana osobn\u00edch \u00fadaj\u016f Zasl\u00e1n\u00edm p\u0159ihl\u00e1\u0161ky souhlas\u00edm s t\u00edm, aby spr\u00e1vce zpracov\u00e1val osobn\u00ed \u00fadaje,\u00a0 v souladu s v\u00fd\u0161e uveden\u00fdm a tento m\u016fj souhlas je zcela dobrovoln\u00fd. P\u0159ihl\u00e1\u0161ku si zkop\u00edrujte do sv\u00e9ho po\u010d\u00edta\u010de a pak za\u0161lete na email (viz. kontakty) nebo \u00fadaje napi\u0161te p\u0159\u00edmo do emailu Ceny kurzu agility P\u0159ihl\u00e1\u0161ka pro d\u00edt\u011b na kurzy Agility &#8211; podepsanou &hellip; <a href=\"https:\/\/rastava-most.cz\/?page_id=183\" class=\"more-link\">Pokra\u010dov\u00e1n\u00ed textu <span class=\"screen-reader-text\">P\u0159ihl\u00e1\u0161ka d\u00edt\u011bte na agility<\/span> <span class=\"meta-nav\">&rarr;<\/span><\/a><\/p>\n","protected":false},"author":1,"featured_media":0,"parent":203,"menu_order":0,"comment_status":"closed","ping_status":"open","template":"","meta":{"footnotes":""},"class_list":["post-183","page","type-page","status-publish","hentry"],"_links":{"self":[{"href":"https:\/\/rastava-most.cz\/index.php?rest_route=\/wp\/v2\/pages\/183","targetHints":{"allow":["GET"]}}],"collection":[{"href":"https:\/\/rastava-most.cz\/index.php?rest_route=\/wp\/v2\/pages"}],"about":[{"href":"https:\/\/rastava-most.cz\/index.php?rest_route=\/wp\/v2\/types\/page"}],"author":[{"embeddable":true,"href":"https:\/\/rastava-most.cz\/index.php?rest_route=\/wp\/v2\/users\/1"}],"replies":[{"embeddable":true,"href":"https:\/\/rastava-most.cz\/index.php?rest_route=%2Fwp%2Fv2%2Fcomments&post=183"}],"version-history":[{"count":13,"href":"https:\/\/rastava-most.cz\/index.php?rest_route=\/wp\/v2\/pages\/183\/revisions"}],"predecessor-version":[{"id":1649,"href":"https:\/\/rastava-most.cz\/index.php?rest_route=\/wp\/v2\/pages\/183\/revisions\/1649"}],"up":[{"embeddable":true,"href":"https:\/\/rastava-most.cz\/index.php?rest_route=\/wp\/v2\/pages\/203"}],"wp:attachment":[{"href":"https:\/\/rastava-most.cz\/index.php?rest_route=%2Fwp%2Fv2%2Fmedia&parent=183"}],"curies":[{"name":"wp","href":"https:\/\/api.w.org\/{rel}","templated":true}]}}