{"id":190,"date":"2016-02-20T16:28:58","date_gmt":"2016-02-20T16:28:58","guid":{"rendered":"http:\/\/rastava-most.cz\/?page_id=190"},"modified":"2025-03-18T11:32:18","modified_gmt":"2025-03-18T11:32:18","slug":"prihlaska-agility","status":"publish","type":"page","link":"https:\/\/rastava-most.cz\/?page_id=190","title":{"rendered":"P\u0159ihl\u00e1\u0161ka agility pro dosp\u011bl\u00e9"},"content":{"rendered":"<p><em>P\u0159ihl\u00e1\u0161ku si zkop\u00edrujte do sv\u00e9ho po\u010d\u00edta\u010de a pak za\u0161lete na email (viz. kontakty) nebo \u00fadaje napi\u0161te p\u0159\u00edmo do emailu<\/em><\/p>\n<p><a href=\"https:\/\/rastava-most.cz\/?page_id=844\">Ochrana osobn\u00edch \u00fadaj\u016f<\/a><\/p>\n<p>Zasl\u00e1n\u00edm p\u0159ihl\u00e1\u0161ky souhlas\u00edm s t\u00edm, aby spr\u00e1vce zpracov\u00e1val osobn\u00ed \u00fadaje,\u00a0 v souladu s v\u00fd\u0161e uveden\u00fdm a tento m\u016fj souhlas je zcela dobrovoln\u00fd.<\/p>\n<p><strong>\u0158IHL\u00c1\u0160KA pro dosp\u011bl\u00e9\u00a0<\/strong><\/p>\n<p>&#8212;&#8212;&#8212;&#8212;&#8212;&#8212;&#8212;&#8212;&#8212;&#8212;&#8212;&#8212;&#8212;&#8212;&#8212;&#8212;&#8212;&#8212;&#8212;&#8212;&#8212;&#8212;&#8212;&#8212;&#8212;&#8212;&#8212;&#8212;&#8212;&#8211;<\/p>\n<p><span style=\"text-decoration: underline;\"><strong>\u00dadaje o \u00fa\u010dastn\u00edkovi v\u00fdcviku\u00a0<\/strong><\/span><\/p>\n<p>Jm\u00e9no a p\u0159\u00edjmen\u00ed :<\/p>\n<p>V\u011bk:<\/p>\n<p>email: \u00a0\u00a0\u00a0\u00a0\u00a0\u00a0\u00a0\u00a0\u00a0@ \u00a0\u00a0\u00a0\u00a0\u00a0\u00a0\u00a0\u00a0\u00a0\u00a0\u00a0\u00a0\u00a0\u00a0\u00a0\u00a0\u00a0\u00a0\u00a0\u00a0\u00a0\u00a0\u00a0\u00a0\u00a0\u00a0\u00a0\u00a0\u00a0\u00a0\u00a0\u00a0\u00a0\u00a0\u00a0\u00a0\u00a0\u00a0\u00a0\u00a0\u00a0\u00a0telefon:\u00a0<\/p>\n<p><strong><span style=\"text-decoration: underline;\">\u00dadaje o psovi:<\/span><\/strong><\/p>\n<p>Jm\u00e9no pejska (tak jak mu \u0159\u00edk\u00e1te):<\/p>\n<p>Datum narozen\u00ed:<\/p>\n<p>Pohlav\u00ed:<\/p>\n<p>Plemeno: (pokud jde o k\u0159\u00ed\u017eence, pros\u00edm, uve\u010fte mal\u00fd, st\u0159edn\u00ed, velk\u00fd)<\/p>\n<hr \/>\n<p><a href=\"https:\/\/rastava-most.cz\/?page_id=162\">Ceny kurzu agility ZDE<\/a><\/p>\n<p>Souhlas\u00edm \u2013 s p\u0159\u00edpadn\u00fdm um\u00edst\u011bn\u00edm fotografi\u00ed p\u0159\u00edpadn\u011b videosekvenc\u00ed, na kter\u00fdch budu\u00a0 rozpozn\u00e1n, v souladu s v\u00fd\u0161e uveden\u00fdm a tento souhlas je zcela dobrovoln\u00fd.<\/p>\n<p>Nesouhlas\u00edm &#8211;\u00a0s p\u0159\u00edpadn\u00fdm um\u00edst\u011bn\u00edm fotografi\u00ed p\u0159\u00edpadn\u011b videosekvenc\u00ed, na kter\u00fdch budu rozpozn\u00e1n, v souladu s v\u00fd\u0161e uveden\u00fdm.<\/p>\n<p>&#8212;&#8212;&#8212;&#8212;&#8212;&#8212;&#8212;&#8212;&#8212;&#8212;&#8212;&#8212;&#8212;&#8212;&#8212;&#8212;&#8212;&#8212;&#8212;&#8212;&#8212;&#8212;&#8212;&#8212;&#8212;&#8212;&#8212;&#8212;&#8212;&#8212;&#8212;&#8212;&#8212;&#8212;&#8212;&#8212;&#8212;&#8212;&#8211;<\/p>\n<p>P\u0159\u00edpadn\u00e9 zm\u011bny jsou zasl\u00e1ny zpr\u00e1vami na v\u00e1mi uveden\u00e9 kontakty v p\u0159ihl\u00e1\u0161ce.<\/p>\n<p>Ka\u017ed\u00fd \u00fa\u010dastn\u00edk je povinen \u0159\u00eddit se vnit\u0159n\u00edm \u0159\u00e1dem a \u0159\u00e1dem pro ven\u010den\u00ed\u00a0 a \u0159\u00e1dem pro pohyb v rekrea\u010dn\u00ed oblasti vodn\u00ed n\u00e1dr\u017ee Matylda\u00a0 \u00a0 \u00a0 \u00a0 \u00a0 \u00a0 \u00a0 \u00a0 \u00a0 \u00a0 \u00a0 \u00a0 \u00a0 \u00a0 <a href=\"https:\/\/rastava-most.cz\/?page_id=269\">\u0158\u00e1dy a informace<\/a><\/p>\n<p>D\u011bkuji R.Fenclov\u00e1<\/p>\n\n\n<p><\/p>\n","protected":false},"excerpt":{"rendered":"<p>P\u0159ihl\u00e1\u0161ku si zkop\u00edrujte do sv\u00e9ho po\u010d\u00edta\u010de a pak za\u0161lete na email (viz. kontakty) nebo \u00fadaje napi\u0161te p\u0159\u00edmo do emailu Ochrana osobn\u00edch \u00fadaj\u016f Zasl\u00e1n\u00edm p\u0159ihl\u00e1\u0161ky souhlas\u00edm s t\u00edm, aby spr\u00e1vce zpracov\u00e1val osobn\u00ed \u00fadaje,\u00a0 v souladu s v\u00fd\u0161e uveden\u00fdm a tento m\u016fj souhlas je zcela dobrovoln\u00fd. \u0158IHL\u00c1\u0160KA pro dosp\u011bl\u00e9\u00a0 &#8212;&#8212;&#8212;&#8212;&#8212;&#8212;&#8212;&#8212;&#8212;&#8212;&#8212;&#8212;&#8212;&#8212;&#8212;&#8212;&#8212;&#8212;&#8212;&#8212;&#8212;&#8212;&#8212;&#8212;&#8212;&#8212;&#8212;&#8212;&#8212;&#8211; \u00dadaje o \u00fa\u010dastn\u00edkovi v\u00fdcviku\u00a0 Jm\u00e9no a p\u0159\u00edjmen\u00ed &hellip; <a href=\"https:\/\/rastava-most.cz\/?page_id=190\" class=\"more-link\">Pokra\u010dov\u00e1n\u00ed textu <span class=\"screen-reader-text\">P\u0159ihl\u00e1\u0161ka agility pro dosp\u011bl\u00e9<\/span> <span class=\"meta-nav\">&rarr;<\/span><\/a><\/p>\n","protected":false},"author":1,"featured_media":0,"parent":203,"menu_order":0,"comment_status":"closed","ping_status":"open","template":"","meta":{"footnotes":""},"class_list":["post-190","page","type-page","status-publish","hentry"],"_links":{"self":[{"href":"https:\/\/rastava-most.cz\/index.php?rest_route=\/wp\/v2\/pages\/190","targetHints":{"allow":["GET"]}}],"collection":[{"href":"https:\/\/rastava-most.cz\/index.php?rest_route=\/wp\/v2\/pages"}],"about":[{"href":"https:\/\/rastava-most.cz\/index.php?rest_route=\/wp\/v2\/types\/page"}],"author":[{"embeddable":true,"href":"https:\/\/rastava-most.cz\/index.php?rest_route=\/wp\/v2\/users\/1"}],"replies":[{"embeddable":true,"href":"https:\/\/rastava-most.cz\/index.php?rest_route=%2Fwp%2Fv2%2Fcomments&post=190"}],"version-history":[{"count":18,"href":"https:\/\/rastava-most.cz\/index.php?rest_route=\/wp\/v2\/pages\/190\/revisions"}],"predecessor-version":[{"id":1888,"href":"https:\/\/rastava-most.cz\/index.php?rest_route=\/wp\/v2\/pages\/190\/revisions\/1888"}],"up":[{"embeddable":true,"href":"https:\/\/rastava-most.cz\/index.php?rest_route=\/wp\/v2\/pages\/203"}],"wp:attachment":[{"href":"https:\/\/rastava-most.cz\/index.php?rest_route=%2Fwp%2Fv2%2Fmedia&parent=190"}],"curies":[{"name":"wp","href":"https:\/\/api.w.org\/{rel}","templated":true}]}}