{"id":269,"date":"2016-03-23T07:28:52","date_gmt":"2016-03-23T07:28:52","guid":{"rendered":"http:\/\/rastava-most.cz\/?page_id=269"},"modified":"2021-04-20T12:03:51","modified_gmt":"2021-04-20T12:03:51","slug":"rady-a-informace","status":"publish","type":"page","link":"https:\/\/rastava-most.cz\/?page_id=269","title":{"rendered":"\u0158\u00c1DY a informace"},"content":{"rendered":"<p>Pro v\u0161echny \u00fa\u010dastn\u00edky a n\u00e1v\u0161t\u011bvn\u00edky na\u0161\u00ed ps\u00ed \u0161koly plat\u00ed Vnit\u0159n\u00ed \u0159\u00e1d Mosteck\u00e9 ps\u00ed \u0161koly RASTAVA, &nbsp;dodr\u017eov\u00e1n\u00ed Informac\u00ed k ven\u010den\u00ed a \u0158\u00e1du are\u00e1lu Matylda, kter\u00fd naleznete zde:<\/p>\n<p><a href=\"https:\/\/rastava-most.cz\/?page_id=62\">Informace k ven\u010den\u00ed<\/a><\/p>\n<p><a href=\"https:\/\/rastava-most.cz\/?page_id=49\">Vnit\u0159n\u00ed \u0159\u00e1d<\/a><\/p>\n<p><a href=\"https:\/\/rastava-most.cz\/?page_id=46\">Provozn\u00ed \u0159\u00e1d are\u00e1lu Matylda<\/a><\/p>\n<p>D\u011bkujeme<\/p>\n","protected":false},"excerpt":{"rendered":"<p>Pro v\u0161echny \u00fa\u010dastn\u00edky a n\u00e1v\u0161t\u011bvn\u00edky na\u0161\u00ed ps\u00ed \u0161koly plat\u00ed Vnit\u0159n\u00ed \u0159\u00e1d Mosteck\u00e9 ps\u00ed \u0161koly RASTAVA, &nbsp;dodr\u017eov\u00e1n\u00ed Informac\u00ed k ven\u010den\u00ed a \u0158\u00e1du are\u00e1lu Matylda, kter\u00fd naleznete zde: Informace k ven\u010den\u00ed Vnit\u0159n\u00ed \u0159\u00e1d Provozn\u00ed \u0159\u00e1d are\u00e1lu Matylda D\u011bkujeme<\/p>\n","protected":false},"author":1,"featured_media":0,"parent":0,"menu_order":0,"comment_status":"closed","ping_status":"closed","template":"","meta":{"footnotes":""},"class_list":["post-269","page","type-page","status-publish","hentry"],"_links":{"self":[{"href":"https:\/\/rastava-most.cz\/index.php?rest_route=\/wp\/v2\/pages\/269","targetHints":{"allow":["GET"]}}],"collection":[{"href":"https:\/\/rastava-most.cz\/index.php?rest_route=\/wp\/v2\/pages"}],"about":[{"href":"https:\/\/rastava-most.cz\/index.php?rest_route=\/wp\/v2\/types\/page"}],"author":[{"embeddable":true,"href":"https:\/\/rastava-most.cz\/index.php?rest_route=\/wp\/v2\/users\/1"}],"replies":[{"embeddable":true,"href":"https:\/\/rastava-most.cz\/index.php?rest_route=%2Fwp%2Fv2%2Fcomments&post=269"}],"version-history":[{"count":4,"href":"https:\/\/rastava-most.cz\/index.php?rest_route=\/wp\/v2\/pages\/269\/revisions"}],"predecessor-version":[{"id":1294,"href":"https:\/\/rastava-most.cz\/index.php?rest_route=\/wp\/v2\/pages\/269\/revisions\/1294"}],"wp:attachment":[{"href":"https:\/\/rastava-most.cz\/index.php?rest_route=%2Fwp%2Fv2%2Fmedia&parent=269"}],"curies":[{"name":"wp","href":"https:\/\/api.w.org\/{rel}","templated":true}]}}