{"id":991,"date":"2019-12-19T21:30:12","date_gmt":"2019-12-19T21:30:12","guid":{"rendered":"http:\/\/rastava-most.cz\/?page_id=991"},"modified":"2019-12-19T21:30:12","modified_gmt":"2019-12-19T21:30:12","slug":"cestovani-se-psy","status":"publish","type":"page","link":"https:\/\/rastava-most.cz\/?page_id=991","title":{"rendered":"Cestov\u00e1n\u00ed se psy"},"content":{"rendered":"<div id=\"content\" class=\"site-content\">\n<div id=\"primary\" class=\"content-area\">\n<div class=\"clanek\">\n<div class=\"right-content\">\n<article id=\"post-26999\" class=\"post-26999 page type-page status-publish has-post-thumbnail hentry\">\n<header class=\"entry-header\">\n<h1 class=\"entry-title\"><\/h1>\n<\/header>\n<div class=\"entry-content\">\n<h3>INFORMACE k cestov\u00e1n\u00ed se psy<\/h3>\n<p>&nbsp;<\/p>\n<p><em>Informace k\u00a0cestov\u00e1n\u00ed se zv\u00ed\u0159aty naleznete zde:<br \/>\n<\/em><a href=\"https:\/\/www.svscr.cz\/cestovani-se-zviraty-v-zajmovem-chovu\/\"><em>https:\/\/www.svscr.cz\/cestovani-se-zviraty-v-zajmovem-chovu\/<\/em><\/a><\/p>\n<p>&nbsp;<\/p>\n<\/div>\n<\/article>\n<\/div>\n<\/div>\n<\/div>\n<\/div>\n","protected":false},"excerpt":{"rendered":"<p>INFORMACE k cestov\u00e1n\u00ed se psy &nbsp; Informace k\u00a0cestov\u00e1n\u00ed se zv\u00ed\u0159aty naleznete zde: https:\/\/www.svscr.cz\/cestovani-se-zviraty-v-zajmovem-chovu\/ &nbsp;<\/p>\n","protected":false},"author":1,"featured_media":0,"parent":0,"menu_order":0,"comment_status":"closed","ping_status":"closed","template":"","meta":{"footnotes":""},"class_list":["post-991","page","type-page","status-publish","hentry"],"_links":{"self":[{"href":"https:\/\/rastava-most.cz\/index.php?rest_route=\/wp\/v2\/pages\/991","targetHints":{"allow":["GET"]}}],"collection":[{"href":"https:\/\/rastava-most.cz\/index.php?rest_route=\/wp\/v2\/pages"}],"about":[{"href":"https:\/\/rastava-most.cz\/index.php?rest_route=\/wp\/v2\/types\/page"}],"author":[{"embeddable":true,"href":"https:\/\/rastava-most.cz\/index.php?rest_route=\/wp\/v2\/users\/1"}],"replies":[{"embeddable":true,"href":"https:\/\/rastava-most.cz\/index.php?rest_route=%2Fwp%2Fv2%2Fcomments&post=991"}],"version-history":[{"count":1,"href":"https:\/\/rastava-most.cz\/index.php?rest_route=\/wp\/v2\/pages\/991\/revisions"}],"predecessor-version":[{"id":992,"href":"https:\/\/rastava-most.cz\/index.php?rest_route=\/wp\/v2\/pages\/991\/revisions\/992"}],"wp:attachment":[{"href":"https:\/\/rastava-most.cz\/index.php?rest_route=%2Fwp%2Fv2%2Fmedia&parent=991"}],"curies":[{"name":"wp","href":"https:\/\/api.w.org\/{rel}","templated":true}]}}